{"id":199,"date":"2025-10-30T10:44:04","date_gmt":"2025-10-30T07:44:04","guid":{"rendered":"https:\/\/www.drezgieryilmaz.com\/en\/?page_id=199"},"modified":"2025-11-24T17:38:40","modified_gmt":"2025-11-24T14:38:40","slug":"about-me","status":"publish","type":"page","link":"https:\/\/www.drezgieryilmaz.com\/en\/about-me\/","title":{"rendered":"About Me"},"content":{"rendered":"<p><img loading=\"lazy\" decoding=\"async\" width=\"590\" height=\"482\" class=\"size-medium wp-image-110 alignleft img-fluid\" style=\"float: left; padding: 30px;\" src=\"https:\/\/www.drezgieryilmaz.com\/en\/wp-content\/uploads\/2025\/10\/sliderphoto.jpg\" alt=\"\" srcset=\"https:\/\/www.drezgieryilmaz.com\/en\/wp-content\/uploads\/2025\/10\/sliderphoto.jpg 590w, https:\/\/www.drezgieryilmaz.com\/en\/wp-content\/uploads\/2025\/10\/sliderphoto-300x245.jpg 300w\" sizes=\"auto, (max-width: 590px) 100vw, 590px\" \/>Dr. Ezgi Ery\u0131lmaz completed her primary, middle, and high school years by graduating first from Bursa Tan College. After entering Ege University Faculty of Medicine with honors in 2007, Dr. Ezgi Ery\u0131lmaz&#8217;s interest in complementary medicine techniques in medical aesthetics increased significantly when she became acquainted with mesotherapy and homeopathy in a student exchange program abroad, and she attended many domestic and international courses and seminars on this subject.<br \/>\nAfter graduating from Ege University Faculty of Medicine in 2013, she completed her compulsory service by working as an emergency department physician at Bursa Orhaneli State Hospital between 2013-2015. Since 2016, she has been practicing medical aesthetics and complementary medicine applications by attending many domestic and international seminars and courses, using the latest techniques and methods. She is continuing her Medical Aesthetics Master&#8217;s Program at Rome Camerino University.<br \/>\n11th Aesthetic And Anti-aging Medicine European Congress, BTD PDO Practical Thread Training, International Advanced Ozone And Autologous Therapies Seminar, Neosante Resonance Systems In Health Seminar, Ba\u011fc\u0131lar Training And Research Hospital Certified Mesotherapy Training Program, Ba\u011fc\u0131lar Training And Research Hospital Certified Ozone Therapy Training Program, Art De Huile Aromatherapy Training, Ege University Faculty of Medicine Department of Pharmacology Schussler Salts Training, GAPS Diet Certificate Program, Trakya University Faculty of Medicine Face Cadaver Workshop, and Beauty Through Science International Aesthetic Medicine Congress (BTS Sweden International Medical Aesthetics Congress) are just a few of the training and certification programs she has attended.<\/p>\n<ul>\n<li>Additionally, as a founding member and board member of MEZODER (Turkish Mesotherapy Association), she continues her scientific work for the development of this field in Turkey.<\/li>\n<li><i class=\"list_list_checkmark\"><\/i>She has successfully completed the Medical Aesthetics Master&#8217;s program at Rome Camerino University.<\/li>\n<\/ul>\n","protected":false},"excerpt":{"rendered":"<p>Dr. Ezgi Ery\u0131lmaz completed her primary, middle, and high school years by graduating first from Bursa Tan College. After entering Ege University Faculty of Medicine with honors in 2007, Dr. Ezgi Ery\u0131lmaz&#8217;s interest in complementary medicine techniques in medical aesthetics increased significantly when she became acquainted with mesotherapy and homeopathy in a student exchange program [&hellip;]<\/p>\n","protected":false},"author":1,"featured_media":0,"parent":0,"menu_order":0,"comment_status":"closed","ping_status":"closed","template":"","meta":{"footnotes":""},"class_list":["post-199","page","type-page","status-publish","hentry"],"_links":{"self":[{"href":"https:\/\/www.drezgieryilmaz.com\/en\/wp-json\/wp\/v2\/pages\/199","targetHints":{"allow":["GET"]}}],"collection":[{"href":"https:\/\/www.drezgieryilmaz.com\/en\/wp-json\/wp\/v2\/pages"}],"about":[{"href":"https:\/\/www.drezgieryilmaz.com\/en\/wp-json\/wp\/v2\/types\/page"}],"author":[{"embeddable":true,"href":"https:\/\/www.drezgieryilmaz.com\/en\/wp-json\/wp\/v2\/users\/1"}],"replies":[{"embeddable":true,"href":"https:\/\/www.drezgieryilmaz.com\/en\/wp-json\/wp\/v2\/comments?post=199"}],"version-history":[{"count":12,"href":"https:\/\/www.drezgieryilmaz.com\/en\/wp-json\/wp\/v2\/pages\/199\/revisions"}],"predecessor-version":[{"id":407,"href":"https:\/\/www.drezgieryilmaz.com\/en\/wp-json\/wp\/v2\/pages\/199\/revisions\/407"}],"wp:attachment":[{"href":"https:\/\/www.drezgieryilmaz.com\/en\/wp-json\/wp\/v2\/media?parent=199"}],"curies":[{"name":"wp","href":"https:\/\/api.w.org\/{rel}","templated":true}]}}