{"id":203,"date":"2025-10-30T12:17:49","date_gmt":"2025-10-30T09:17:49","guid":{"rendered":"https:\/\/www.drezgieryilmaz.com\/en\/?page_id=203"},"modified":"2025-11-24T18:36:54","modified_gmt":"2025-11-24T15:36:54","slug":"contact","status":"publish","type":"page","link":"https:\/\/www.drezgieryilmaz.com\/en\/contact\/","title":{"rendered":"Contact"},"content":{"rendered":"<div class=\"row\">\n<div class=\"col-md-6\"><iframe loading=\"lazy\" style=\"border: 0;\" src=\"https:\/\/www.google.com\/maps\/embed?pb=!1m18!1m12!1m3!1d3008.7713927837713!2d28.993297099999996!3d41.0521281!2m3!1f0!2f0!3f0!3m2!1i1024!2i768!4f13.1!3m3!1m2!1s0x14cab7d02ef4d777%3A0xf8be109351e6bdb0!2sDr.%20Ezgi%20Ery%C4%B1lmaz!5e0!3m2!1str!2str!4v1763558431101!5m2!1str!2str\" width=\"100%\" height=\"500\" allowfullscreen=\"allowfullscreen\"><\/iframe><\/div>\n<div class=\"col-md-6\">\n<h3>Contact Information<\/h3>\n<p><strong>Address:<\/strong>\u00a0Te\u015fvikiye, \u015eakay\u0131k Sk. Hera Apt No: 57 \u0130\u00e7 Kap\u0131 No: 3, 34365 \u015ei\u015fli\/\u0130stanbul<\/p>\n<p><strong>Telephone:<\/strong>\u00a0<a href=\"tel:+90 541 449 94 49\">+90 541 449 9 449<\/a><\/p>\n<p><strong>Whatsapp:<\/strong> <a href=\"https:\/\/api.whatsapp.com\/send?phone=905414499449&amp;text=Merhabalar,%20websiteniz%20\u00fczerinden%20ula\u015f\u0131yorum.%20Konu%20hakk\u0131nda%20detayl\u0131%20bilgi%20almak%20istiyorum.\" target=\"_blank\" rel=\"noopener\">+90 541 449 9 449<\/a><\/p>\n<p><strong>E-mail:<\/strong>\u00a0<a href=\"mailto:info@drezgieryilmaz.com\">info@drezgieryilmaz.com<\/a><\/p>\n<h3><a href=\"https:\/\/maps.app.goo.gl\/oTpVjWhBHNgwLnzq5\" target=\"_blank\" rel=\"noopener\">Get Directions<\/a><\/h3>\n<\/div>\n<\/div>\n","protected":false},"excerpt":{"rendered":"<p>Contact Information Address:\u00a0Te\u015fvikiye, \u015eakay\u0131k Sk. Hera Apt No: 57 \u0130\u00e7 Kap\u0131 No: 3, 34365 \u015ei\u015fli\/\u0130stanbul Telephone:\u00a0+90 541 449 9 449 Whatsapp: +90 541 449 9 449 E-mail:\u00a0info@drezgieryilmaz.com Get Directions<\/p>\n","protected":false},"author":1,"featured_media":0,"parent":0,"menu_order":0,"comment_status":"closed","ping_status":"closed","template":"","meta":{"footnotes":""},"class_list":["post-203","page","type-page","status-publish","hentry"],"_links":{"self":[{"href":"https:\/\/www.drezgieryilmaz.com\/en\/wp-json\/wp\/v2\/pages\/203","targetHints":{"allow":["GET"]}}],"collection":[{"href":"https:\/\/www.drezgieryilmaz.com\/en\/wp-json\/wp\/v2\/pages"}],"about":[{"href":"https:\/\/www.drezgieryilmaz.com\/en\/wp-json\/wp\/v2\/types\/page"}],"author":[{"embeddable":true,"href":"https:\/\/www.drezgieryilmaz.com\/en\/wp-json\/wp\/v2\/users\/1"}],"replies":[{"embeddable":true,"href":"https:\/\/www.drezgieryilmaz.com\/en\/wp-json\/wp\/v2\/comments?post=203"}],"version-history":[{"count":17,"href":"https:\/\/www.drezgieryilmaz.com\/en\/wp-json\/wp\/v2\/pages\/203\/revisions"}],"predecessor-version":[{"id":414,"href":"https:\/\/www.drezgieryilmaz.com\/en\/wp-json\/wp\/v2\/pages\/203\/revisions\/414"}],"wp:attachment":[{"href":"https:\/\/www.drezgieryilmaz.com\/en\/wp-json\/wp\/v2\/media?parent=203"}],"curies":[{"name":"wp","href":"https:\/\/api.w.org\/{rel}","templated":true}]}}