{"id":287,"date":"2025-11-19T16:55:28","date_gmt":"2025-11-19T13:55:28","guid":{"rendered":"https:\/\/www.drezgieryilmaz.com\/en\/?page_id=287"},"modified":"2025-11-24T17:40:37","modified_gmt":"2025-11-24T14:40:37","slug":"saglik-ve-yasam-rehberi-tv-show","status":"publish","type":"page","link":"https:\/\/www.drezgieryilmaz.com\/en\/saglik-ve-yasam-rehberi-tv-show\/","title":{"rendered":"Sa\u011fl\u0131k ve Ya\u015fam Rehberi TV Show"},"content":{"rendered":"","protected":false},"excerpt":{"rendered":"","protected":false},"author":1,"featured_media":0,"parent":0,"menu_order":0,"comment_status":"closed","ping_status":"closed","template":"template\/beyaztv.php","meta":{"footnotes":""},"class_list":["post-287","page","type-page","status-publish","hentry"],"_links":{"self":[{"href":"https:\/\/www.drezgieryilmaz.com\/en\/wp-json\/wp\/v2\/pages\/287","targetHints":{"allow":["GET"]}}],"collection":[{"href":"https:\/\/www.drezgieryilmaz.com\/en\/wp-json\/wp\/v2\/pages"}],"about":[{"href":"https:\/\/www.drezgieryilmaz.com\/en\/wp-json\/wp\/v2\/types\/page"}],"author":[{"embeddable":true,"href":"https:\/\/www.drezgieryilmaz.com\/en\/wp-json\/wp\/v2\/users\/1"}],"replies":[{"embeddable":true,"href":"https:\/\/www.drezgieryilmaz.com\/en\/wp-json\/wp\/v2\/comments?post=287"}],"version-history":[{"count":3,"href":"https:\/\/www.drezgieryilmaz.com\/en\/wp-json\/wp\/v2\/pages\/287\/revisions"}],"predecessor-version":[{"id":410,"href":"https:\/\/www.drezgieryilmaz.com\/en\/wp-json\/wp\/v2\/pages\/287\/revisions\/410"}],"wp:attachment":[{"href":"https:\/\/www.drezgieryilmaz.com\/en\/wp-json\/wp\/v2\/media?parent=287"}],"curies":[{"name":"wp","href":"https:\/\/api.w.org\/{rel}","templated":true}]}}